{"id":3935,"date":"2026-04-22T09:09:35","date_gmt":"2026-04-22T09:09:35","guid":{"rendered":"https:\/\/almacigasociocultural.org\/?page_id=3935"},"modified":"2026-04-22T10:03:31","modified_gmt":"2026-04-22T10:03:31","slug":"mapa-cinctorres","status":"publish","type":"page","link":"https:\/\/almacigasociocultural.org\/index.php\/mapa-cinctorres\/","title":{"rendered":"MAPA Cinctorres"},"content":{"rendered":"\t\t<div data-elementor-type=\"wp-page\" data-elementor-id=\"3935\" class=\"elementor elementor-3935\">\n\t\t\t\t\t\t\t\t\t<section class=\"elementor-section elementor-top-section elementor-element elementor-element-e19567f elementor-section-boxed elementor-section-height-default elementor-section-height-default\" data-id=\"e19567f\" data-element_type=\"section\">\n\t\t\t\t\t\t<div class=\"elementor-container elementor-column-gap-default\">\n\t\t\t\t\t<div class=\"elementor-column elementor-col-100 elementor-top-column elementor-element elementor-element-43183df\" data-id=\"43183df\" data-element_type=\"column\">\n\t\t\t<div class=\"elementor-widget-wrap elementor-element-populated\">\n\t\t\t\t\t\t\t\t<div class=\"elementor-element elementor-element-0885c4d elementor-widget elementor-widget-text-editor\" data-id=\"0885c4d\" data-element_type=\"widget\" data-widget_type=\"text-editor.default\">\n\t\t\t\t<div class=\"elementor-widget-container\">\n\t\t\t<style>\/*! elementor - v3.12.2 - 23-04-2023 *\/\n.elementor-widget-text-editor.elementor-drop-cap-view-stacked .elementor-drop-cap{background-color:#69727d;color:#fff}.elementor-widget-text-editor.elementor-drop-cap-view-framed .elementor-drop-cap{color:#69727d;border:3px solid;background-color:transparent}.elementor-widget-text-editor:not(.elementor-drop-cap-view-default) .elementor-drop-cap{margin-top:8px}.elementor-widget-text-editor:not(.elementor-drop-cap-view-default) .elementor-drop-cap-letter{width:1em;height:1em}.elementor-widget-text-editor .elementor-drop-cap{float:left;text-align:center;line-height:1;font-size:50px}.elementor-widget-text-editor .elementor-drop-cap-letter{display:inline-block}<\/style>\t\t\t\t<h3><strong>MAPA sensible de senderos naturales de Cinctorres<\/strong><\/h3>\t\t\t\t\t\t<\/div>\n\t\t\t\t<\/div>\n\t\t\t\t\t<\/div>\n\t\t<\/div>\n\t\t\t\t\t\t\t<\/div>\n\t\t<\/section>\n\t\t\t\t<section class=\"elementor-section elementor-top-section elementor-element elementor-element-120ac16 elementor-section-boxed elementor-section-height-default elementor-section-height-default\" data-id=\"120ac16\" data-element_type=\"section\">\n\t\t\t\t\t\t<div class=\"elementor-container elementor-column-gap-default\">\n\t\t\t\t\t<div class=\"elementor-column elementor-col-66 elementor-top-column elementor-element elementor-element-caeb70d\" data-id=\"caeb70d\" data-element_type=\"column\">\n\t\t\t<div class=\"elementor-widget-wrap elementor-element-populated\">\n\t\t\t\t\t\t\t\t<div class=\"elementor-element elementor-element-4df64c4 elementor-widget elementor-widget-text-editor\" data-id=\"4df64c4\" data-element_type=\"widget\" data-widget_type=\"text-editor.default\">\n\t\t\t\t<div class=\"elementor-widget-container\">\n\t\t\t\t\t\t\t<p><strong>Laboratorio de cultura comunitaria y ruralidad<\/strong> <br>Mayo-Junio 2026<\/p>\n<p>Durante los meses de mayo y junio se desarrollar\u00e1 en Cinctorres el Laboratorio MAPA en el marco de la Red Ib\u00e9rica de Cultura Comunitaria y Ruralidad (RILLC).<\/p>\n<p>MAPA es una iniciativa de Alm\u00e1ciga para potenciar la relaci\u00f3n de arte y naturaleza en un contexto privilegiado como Cinctorres, y con el que se busca vivir y explorar el paisaje natural desde la afectividad y los v\u00ednculos comunitarios con la ruralidad.<\/p>\n<p>Como Alm\u00e1ciga invitamos a todas las personas interesadas en participar del laboratorio MAPA para crear y producir otras cartograf\u00edas colaborativas que describan Cinctorres desde la emoci\u00f3n, la naturaleza y la memoria. Y como ejemplo presentamos las siguientes preguntas activadoras \u00bfC\u00f3mo plasmar\u00edas las rutas de trashumancia? \u00bfQu\u00e9 caminos hicieron los vendedores de fajas? \u00bfQu\u00e9 senderos te recuerdan tu infancia?<\/p>\t\t\t\t\t\t<\/div>\n\t\t\t\t<\/div>\n\t\t\t\t\t<\/div>\n\t\t<\/div>\n\t\t\t\t<div class=\"elementor-column elementor-col-33 elementor-top-column elementor-element elementor-element-3ead3e5\" data-id=\"3ead3e5\" data-element_type=\"column\">\n\t\t\t<div class=\"elementor-widget-wrap elementor-element-populated\">\n\t\t\t\t\t\t\t\t<div class=\"elementor-element elementor-element-7aaa4c8 elementor-widget elementor-widget-image\" data-id=\"7aaa4c8\" data-element_type=\"widget\" data-widget_type=\"image.default\">\n\t\t\t\t<div class=\"elementor-widget-container\">\n\t\t\t<style>\/*! elementor - v3.12.2 - 23-04-2023 *\/\n.elementor-widget-image{text-align:center}.elementor-widget-image a{display:inline-block}.elementor-widget-image a img[src$=\".svg\"]{width:48px}.elementor-widget-image img{vertical-align:middle;display:inline-block}<\/style>\t\t\t\t\t\t\t\t\t\t\t\t<img decoding=\"async\" width=\"400\" height=\"600\" src=\"https:\/\/almacigasociocultural.org\/wp-content\/uploads\/2024\/04\/Ovejas.jpg\" class=\"attachment-large size-large wp-image-3258\" alt=\"\" loading=\"lazy\" srcset=\"https:\/\/almacigasociocultural.org\/wp-content\/uploads\/2024\/04\/Ovejas.jpg 400w, https:\/\/almacigasociocultural.org\/wp-content\/uploads\/2024\/04\/Ovejas-200x300.jpg 200w\" sizes=\"100vw\" \/>\t\t\t\t\t\t\t\t\t\t\t\t\t\t\t<\/div>\n\t\t\t\t<\/div>\n\t\t\t\t\t<\/div>\n\t\t<\/div>\n\t\t\t\t\t\t\t<\/div>\n\t\t<\/section>\n\t\t\t\t<section class=\"elementor-section elementor-top-section elementor-element elementor-element-b9770d7 elementor-section-boxed elementor-section-height-default elementor-section-height-default\" data-id=\"b9770d7\" data-element_type=\"section\">\n\t\t\t\t\t\t<div class=\"elementor-container elementor-column-gap-default\">\n\t\t\t\t\t<div class=\"elementor-column elementor-col-33 elementor-top-column elementor-element elementor-element-662036c\" data-id=\"662036c\" data-element_type=\"column\">\n\t\t\t<div class=\"elementor-widget-wrap elementor-element-populated\">\n\t\t\t\t\t\t\t\t<div class=\"elementor-element elementor-element-b75906d elementor-widget elementor-widget-button\" data-id=\"b75906d\" data-element_type=\"widget\" data-widget_type=\"button.default\">\n\t\t\t\t<div class=\"elementor-widget-container\">\n\t\t\t\t\t<div class=\"elementor-button-wrapper\">\n\t\t\t<a href=\"https:\/\/goo.su\/zvoAeH\" class=\"elementor-button-link elementor-button elementor-size-sm\" role=\"button\">\n\t\t\t\t\t\t<span class=\"elementor-button-content-wrapper\">\n\t\t\t\t\t\t<span class=\"elementor-button-text\">BASES de participaci\u00f3n en MAPA<\/span>\n\t\t<\/span>\n\t\t\t\t\t<\/a>\n\t\t<\/div>\n\t\t\t\t<\/div>\n\t\t\t\t<\/div>\n\t\t\t\t\t<\/div>\n\t\t<\/div>\n\t\t\t\t<div class=\"elementor-column elementor-col-66 elementor-top-column elementor-element elementor-element-eb4a17f\" data-id=\"eb4a17f\" data-element_type=\"column\">\n\t\t\t<div class=\"elementor-widget-wrap elementor-element-populated\">\n\t\t\t\t\t\t\t\t<div class=\"elementor-element elementor-element-989fb04 elementor-widget elementor-widget-text-editor\" data-id=\"989fb04\" data-element_type=\"widget\" data-widget_type=\"text-editor.default\">\n\t\t\t\t<div class=\"elementor-widget-container\">\n\t\t\t\t\t\t\t<p><strong>MAPA<\/strong> es un laboratorio de cultura comunitaria y ruralidad que consiste en la creaci\u00f3n de una cartograf\u00eda colaborativa que describa el territorio natural de Cinctorres desde otras perspectivas en clave comunitaria para la construcci\u00f3n de mapas concebidos desde hitos sensoriales, emocionales, sensibles, naturales y de memoria, relacionados con los senderos naturales del pueblo. Consiste en: una convocatoria abierta a propuesta de ideas de MAPAS, selecci\u00f3n de ideas, incorporaci\u00f3n de colaboradores a las ideas seleccionadas, y cuatro jornadas participativas de creaci\u00f3n y di\u00e1logo acerca de memoria, cultura local, ruralidad y afectividad, en las que dise\u00f1aremos -a partir de cuatro propuestas de mapas imaginados por la comunidad- cartograf\u00edas y rutas a trav\u00e9s del dibujo, escritura, fotografia, video, entre otras t\u00e9cnicas. Desarrollando mapas de Cinctorres, distintos, participativos, originales y de comunidad. La invitaci\u00f3n es a presentar una propuesta de mapa de rutas naturales significativas por el termino municipal del pueblo de Cinctorrres.<\/p>\t\t\t\t\t\t<\/div>\n\t\t\t\t<\/div>\n\t\t\t\t\t<\/div>\n\t\t<\/div>\n\t\t\t\t\t\t\t<\/div>\n\t\t<\/section>\n\t\t\t\t\t\t\t<\/div>\n\t\t","protected":false},"excerpt":{"rendered":"<p>MAPA sensible de senderos naturales de Cinctorres Laboratorio de cultura comunitaria y ruralidad Mayo-Junio 2026 Durante los meses de mayo y junio se desarrollar\u00e1 en Cinctorres el Laboratorio MAPA en el marco de la Red Ib\u00e9rica de Cultura Comunitaria y Ruralidad (RILLC). MAPA es una iniciativa de Alm\u00e1ciga para potenciar la relaci\u00f3n de arte y &hellip; <\/p>\n<p class=\"link-more\"><a href=\"https:\/\/almacigasociocultural.org\/index.php\/mapa-cinctorres\/\" class=\"more-link\">Read more<span class=\"screen-reader-text\"> &#8220;MAPA Cinctorres&#8221;<\/span><\/a><\/p>\n","protected":false},"author":1,"featured_media":0,"parent":0,"menu_order":0,"comment_status":"closed","ping_status":"closed","template":"","meta":{"_uag_custom_page_level_css":""},"uagb_featured_image_src":{"full":false,"thumbnail":false,"medium":false,"medium_large":false,"large":false,"1536x1536":false,"2048x2048":false,"inspiro-featured-image":false,"inspiro-loop":false,"inspiro-loop@2x":false},"uagb_author_info":{"display_name":"curivil","author_link":false},"uagb_comment_info":0,"uagb_excerpt":"MAPA sensible de senderos naturales de Cinctorres Laboratorio de cultura comunitaria y ruralidad Mayo-Junio 2026 Durante los meses de mayo y junio se desarrollar\u00e1 en Cinctorres el Laboratorio MAPA en el marco de la Red Ib\u00e9rica de Cultura Comunitaria y Ruralidad (RILLC). MAPA es una iniciativa de Alm\u00e1ciga para potenciar la relaci\u00f3n de arte y&hellip;","_links":{"self":[{"href":"https:\/\/almacigasociocultural.org\/index.php\/wp-json\/wp\/v2\/pages\/3935"}],"collection":[{"href":"https:\/\/almacigasociocultural.org\/index.php\/wp-json\/wp\/v2\/pages"}],"about":[{"href":"https:\/\/almacigasociocultural.org\/index.php\/wp-json\/wp\/v2\/types\/page"}],"author":[{"embeddable":true,"href":"https:\/\/almacigasociocultural.org\/index.php\/wp-json\/wp\/v2\/users\/1"}],"replies":[{"embeddable":true,"href":"https:\/\/almacigasociocultural.org\/index.php\/wp-json\/wp\/v2\/comments?post=3935"}],"version-history":[{"count":16,"href":"https:\/\/almacigasociocultural.org\/index.php\/wp-json\/wp\/v2\/pages\/3935\/revisions"}],"predecessor-version":[{"id":3955,"href":"https:\/\/almacigasociocultural.org\/index.php\/wp-json\/wp\/v2\/pages\/3935\/revisions\/3955"}],"wp:attachment":[{"href":"https:\/\/almacigasociocultural.org\/index.php\/wp-json\/wp\/v2\/media?parent=3935"}],"curies":[{"name":"wp","href":"https:\/\/api.w.org\/{rel}","templated":true}]}}